{"id":588,"date":"2021-12-17T15:24:34","date_gmt":"2021-12-17T15:24:34","guid":{"rendered":"http:\/\/inader.org\/?page_id=588"},"modified":"2024-03-19T16:50:08","modified_gmt":"2024-03-19T16:50:08","slug":"qui-sommes-nous","status":"publish","type":"page","link":"https:\/\/www.inader.org\/?page_id=588","title":{"rendered":"QUI SOMMES-NOUS"},"content":{"rendered":"<div data-colibri-id=\"588-c1\" class=\"style-797 style-local-588-c1 position-relative\">\n  <!---->\n  <div data-colibri-component=\"section\" data-colibri-id=\"588-c2\" id=\"counters\" class=\"h-section h-section-global-spacing d-flex align-items-lg-center align-items-md-center align-items-center style-1731 style-local-588-c2 position-relative\">\n    <!---->\n    <!---->\n    <div class=\"h-section-grid-container h-section-boxed-container\">\n      <!---->\n      <div data-colibri-id=\"588-c3\" class=\"h-row-container gutters-row-lg-2 gutters-row-md-2 gutters-row-0 gutters-row-v-lg-2 gutters-row-v-md-2 gutters-row-v-2 style-1732 style-local-588-c3 position-relative\">\n        <!---->\n        <div class=\"h-row justify-content-lg-center justify-content-md-center justify-content-center align-items-lg-stretch align-items-md-stretch align-items-stretch gutters-col-lg-2 gutters-col-md-2 gutters-col-0 gutters-col-v-lg-2 gutters-col-v-md-2 gutters-col-v-2\">\n          <!---->\n          <div class=\"h-column h-column-container d-flex h-col-lg-3 h-col-md-3 h-col-6 style-1733-outer style-local-588-c4-outer\">\n            <div data-colibri-id=\"588-c4\" class=\"d-flex h-flex-basis h-column__inner h-px-lg-2 h-px-md-2 h-px-2 v-inner-lg-2 v-inner-md-2 v-inner-2 style-1733 style-local-588-c4 position-relative\">\n              <!---->\n              <!---->\n              <div class=\"w-100 h-y-container h-column__content h-column__v-align flex-basis-100 align-self-lg-start align-self-md-start align-self-start\">\n                <!---->\n                <div data-colibri-component=\"counter\" data-colibri-id=\"588-c5\" class=\"h-counter style-1734 style-local-588-c5 position-relative h-element\">\n                  <!---->\n                  <div class=\"d-inline-block container-counters\">\n                    <!---->\n                    <div class=\"counter-container d-flex justify-content-lg-center justify-content-md-center justify-content-center\">\n                      <!---->\n                      <div class=\"d-flex align-items-center\"><span class=\"h-svg-icon\"><!--Icon by Font Awesome (https:\/\/fontawesome.com)--><svg version=\"1.1\" xmlns=\"http:\/\/www.w3.org\/2000\/svg\" xmlns:xlink=\"http:\/\/www.w3.org\/1999\/xlink\" id=\"flag\" viewBox=\"0 0 1792 1896.0833\"><path d=\"M320 256q0 72-64 110v1266q0 13-9.5 22.5T224 1664h-64q-13 0-22.5-9.5T128 1632V366q-64-38-64-110 0-53 37.5-90.5T192 128t90.5 37.5T320 256zm1472 64v763q0 25-12.5 38.5T1740 1149q-215 116-369 116-61 0-123.5-22t-108.5-48-115.5-48-142.5-22q-192 0-464 146-17 9-33 9-26 0-45-19t-19-45V474q0-32 31-55 21-14 79-43 236-120 421-120 107 0 200 29t219 88q38 19 88 19 54 0 117.5-21t110-47 88-47 54.5-21q26 0 45 19t19 45z\"><\/path><\/svg><\/span>                        <span class=\"h-counter-control simple-counter colibri-counter-4 \">\n  0\n<\/span><\/div>\n                    <\/div>\n                    <div class=\"counter-title d-flex title-number justify-content-lg-center justify-content-md-center justify-content-center\">\n                      Ann\u00e9e de pr\u00e9sence sur le terrain\n                    <\/div>\n                  <\/div>\n                <\/div>\n              <\/div>\n            <\/div>\n          <\/div>\n          <div class=\"h-column h-column-container d-flex h-col-lg-3 h-col-md-3 h-col-6 style-1733-outer style-local-588-c6-outer\">\n            <div data-colibri-id=\"588-c6\" class=\"d-flex h-flex-basis h-column__inner h-px-lg-2 h-px-md-2 h-px-2 v-inner-lg-2 v-inner-md-2 v-inner-2 style-1733 style-local-588-c6 position-relative\">\n              <!---->\n              <!---->\n              <div class=\"w-100 h-y-container h-column__content h-column__v-align flex-basis-100 align-self-lg-start align-self-md-start align-self-start\">\n                <!---->\n                <div data-colibri-component=\"counter\" data-colibri-id=\"588-c7\" class=\"h-counter style-1734 style-local-588-c7 position-relative h-element\">\n                  <!---->\n                  <div class=\"d-inline-block container-counters\">\n                    <!---->\n                    <div class=\"counter-container d-flex justify-content-lg-center justify-content-md-center justify-content-center\">\n                      <!---->\n                      <div class=\"d-flex align-items-center\"><span class=\"h-svg-icon\"><!--Icon by Font Awesome (https:\/\/fontawesome.com)--><svg version=\"1.1\" xmlns=\"http:\/\/www.w3.org\/2000\/svg\" xmlns:xlink=\"http:\/\/www.w3.org\/1999\/xlink\" id=\"folder-open\" viewBox=\"0 0 1920 1896.0833\"><path d=\"M1879 952q0 31-31 66l-336 396q-43 51-120.5 86.5T1248 1536H160q-34 0-60.5-13T73 1480q0-31 31-66l336-396q43-51 120.5-86.5T704 896h1088q34 0 60.5 13t26.5 43zm-343-344v160H704q-94 0-197 47.5T343 935L6 1331l-5 6q0-4-.5-12.5T0 1312V352q0-92 66-158t158-66h320q92 0 158 66t66 158v32h544q92 0 158 66t66 158z\"><\/path><\/svg><\/span>                        <span class=\"h-counter-control simple-counter colibri-counter-4 \">\n  0\n<\/span><\/div>\n                    <\/div>\n                    <div class=\"counter-title d-flex title-number justify-content-lg-center justify-content-md-center justify-content-center\">\n                      Projets ex\u00e9cut\u00e9s en appui des populations\n                    <\/div>\n                  <\/div>\n                <\/div>\n              <\/div>\n            <\/div>\n          <\/div>\n          <div class=\"h-column h-column-container d-flex h-col-lg-3 h-col-md-3 h-col-6 style-1733-outer style-local-588-c8-outer\">\n            <div data-colibri-id=\"588-c8\" class=\"d-flex h-flex-basis h-column__inner h-px-lg-2 h-px-md-2 h-px-2 v-inner-lg-2 v-inner-md-2 v-inner-2 style-1733 style-local-588-c8 position-relative\">\n              <!---->\n              <!---->\n              <div class=\"w-100 h-y-container h-column__content h-column__v-align flex-basis-100 align-self-lg-start align-self-md-start align-self-start\">\n                <!---->\n                <div data-colibri-component=\"counter\" data-colibri-id=\"588-c9\" class=\"h-counter style-1734 style-local-588-c9 position-relative h-element\">\n                  <!---->\n                  <div class=\"d-inline-block container-counters\">\n                    <!---->\n                    <div class=\"counter-container d-flex justify-content-lg-center justify-content-md-center justify-content-center\">\n                      <!---->\n                      <div class=\"d-flex align-items-center\"><span class=\"h-svg-icon\"><!--Icon by Font Awesome (https:\/\/fontawesome.com)--><svg version=\"1.1\" xmlns=\"http:\/\/www.w3.org\/2000\/svg\" xmlns:xlink=\"http:\/\/www.w3.org\/1999\/xlink\" id=\"user\" viewBox=\"0 0 1354.8114 1896.0833\"><path d=\"M1280 1399q0 109-62.5 187t-150.5 78H213q-88 0-150.5-78T0 1399q0-85 8.5-160.5t31.5-152 58.5-131 94-89T327 832q131 128 313 128t313-128q76 0 134.5 34.5t94 89 58.5 131 31.5 152 8.5 160.5zm-256-887q0 159-112.5 271.5T640 896 368.5 783.5 256 512t112.5-271.5T640 128t271.5 112.5T1024 512z\"><\/path><\/svg><\/span>                        <span class=\"h-counter-control simple-counter colibri-counter-4 \">\n  0\n<\/span><\/div>\n                    <\/div>\n                    <div class=\"counter-title d-flex title-number justify-content-lg-center justify-content-md-center justify-content-center\">\n                      Personnes accompagn\u00e9es\n                    <\/div>\n                  <\/div>\n                <\/div>\n              <\/div>\n            <\/div>\n          <\/div>\n          <div class=\"h-column h-column-container d-flex h-col-lg-3 h-col-md-3 h-col-6 style-1733-outer style-local-588-c10-outer\">\n            <div data-colibri-id=\"588-c10\" class=\"d-flex h-flex-basis h-column__inner h-px-lg-2 h-px-md-2 h-px-2 v-inner-lg-2 v-inner-md-2 v-inner-2 style-1733 style-local-588-c10 position-relative\">\n              <!---->\n              <!---->\n              <div class=\"w-100 h-y-container h-column__content h-column__v-align flex-basis-100 align-self-lg-start align-self-md-start align-self-start\">\n                <!---->\n                <div data-colibri-component=\"counter\" data-colibri-id=\"588-c11\" class=\"h-counter style-1734 style-local-588-c11 position-relative h-element\">\n                  <!---->\n                  <div class=\"d-inline-block container-counters\">\n                    <!---->\n                    <div class=\"counter-container d-flex justify-content-lg-center justify-content-md-center justify-content-center\">\n                      <!---->\n                      <div class=\"d-flex align-items-center\"><span class=\"h-svg-icon\"><!--Icon by Font Awesome (https:\/\/fontawesome.com)--><svg version=\"1.1\" xmlns=\"http:\/\/www.w3.org\/2000\/svg\" xmlns:xlink=\"http:\/\/www.w3.org\/1999\/xlink\" id=\"institution\" viewBox=\"0 0 2048 1896.0833\"><path d=\"M960 0l960 384v128h-128q0 26-20.5 45t-48.5 19H197q-28 0-48.5-19T128 512H0V384zM256 640h256v768h128V640h256v768h128V640h256v768h128V640h256v768h59q28 0 48.5 19t20.5 45v64H128v-64q0-26 20.5-45t48.5-19h59V640zm1595 960q28 0 48.5 19t20.5 45v128H0v-128q0-26 20.5-45t48.5-19h1782z\"><\/path><\/svg><\/span>                        <span class=\"h-counter-control simple-counter colibri-counter-4 \">\n  0\n<\/span><\/div>\n                    <\/div>\n                    <div class=\"counter-title d-flex title-number justify-content-lg-center justify-content-md-center justify-content-center\">\n                      Bailleurs financiers et partenaires \u00e0 nos cot\u00e9s\n                    <\/div>\n                  <\/div>\n                <\/div>\n              <\/div>\n            <\/div>\n          <\/div>\n        <\/div>\n      <\/div>\n    <\/div>\n  <\/div>\n  <div data-colibri-component=\"section\" data-colibri-id=\"588-c16\" id=\"features\" class=\"h-section h-section-global-spacing d-flex align-items-lg-center align-items-md-center align-items-center style-1761 style-local-588-c16 position-relative\">\n    <!---->\n    <!---->\n    <div class=\"h-section-grid-container h-section-boxed-container\">\n      <div data-colibri-id=\"588-c24\" class=\"h-row-container gutters-row-lg-2 gutters-row-md-2 gutters-row-0 gutters-row-v-lg-2 gutters-row-v-md-2 gutters-row-v-2 style-1770 style-local-588-c24 position-relative\">\n        <!---->\n        <div class=\"h-row justify-content-lg-center justify-content-md-center justify-content-center align-items-lg-stretch align-items-md-stretch align-items-stretch gutters-col-lg-2 gutters-col-md-2 gutters-col-0 gutters-col-v-lg-2 gutters-col-v-md-2 gutters-col-v-2\">\n          <!---->\n          <div class=\"h-column h-column-container d-flex h-col-lg-auto h-col-md-auto h-col-auto style-1771-outer style-local-588-c25-outer\">\n            <div data-colibri-id=\"588-c25\" class=\"d-flex h-flex-basis h-column__inner h-px-lg-2 h-px-md-2 h-px-2 v-inner-lg-2 v-inner-md-2 v-inner-2 style-1771 style-local-588-c25 position-relative\">\n              <!---->\n              <!---->\n              <div class=\"w-100 h-y-container h-column__content h-column__v-align flex-basis-100 align-self-lg-start align-self-md-start align-self-start\">\n                <!---->\n                <div data-colibri-id=\"588-c26\" class=\"h-global-transition-all h-heading style-1772 style-local-588-c26 position-relative h-element\">\n                  <!---->\n                  <div class=\"h-heading__outer style-1772 style-local-588-c26\">\n                    <!---->\n                    <!---->\n                    <h4 class=\"\">Un ancrage solide<\/h4>\n                  <\/div>\n                <\/div>\n                <div data-colibri-id=\"588-c27\" class=\"h-lead h-text h-text-component style-1773 style-local-588-c27 position-relative h-element\">\n                  <!---->\n                  <!---->\n                  <div class=\"\">\n                    <p>\n                      <br>L\u2019Institut pour l\u2019Appui au D\u00e9veloppement durable et au Renforcement de capacit\u00e9s (INADER) est une ONG de formation, d\u2019appui conseil et de mise en \u0153uvre de projets de d\u00e9veloppement.&nbsp;<\/p>\n                    <p>Fond\u00e9 en octobre 1997 \u00e0 N&rsquo;Nz\u00e9r\u00e9kor\u00e9, en Guin\u00e9e Foresti\u00e8re, l&rsquo;Institut National pour l&rsquo;Appui au D\u00e9veloppement Rural (INADER) trouve ses racines dans l&rsquo;INADES-FORMATION, une Organisation Non Gouvernementale Interafricaine bas\u00e9e \u00e0 Abidjan,\n                      en C\u00f4te d\u2019Ivoire. Sous la direction de M. Thierno Mamadou BAH, cadre dirigeant du bureau national en C\u00f4te d\u2019Ivoire, l&rsquo;INADER a \u00e9t\u00e9 cr\u00e9\u00e9 pour r\u00e9pondre aux besoins des acteurs ruraux et des organismes d&rsquo;appui au d\u00e9veloppement en Guin\u00e9e.<\/p>\n                    <p>&nbsp;<\/p>\n                    <p><strong>Une \u00e9volution continue<\/strong>\n                      <br>\n                      <br>\n                    <\/p>\n                    <p>Face aux d\u00e9fis majeurs auxquels sont confront\u00e9es les populations guin\u00e9ennes, l&rsquo;INADER a \u00e9largi ses actions, \u00e9tablissant des d\u00e9l\u00e9gations r\u00e9gionales en Haute Guin\u00e9e en 2001 et en Moyenne Guin\u00e9e en 2002. En 2008, le si\u00e8ge national a \u00e9t\u00e9\n                      d\u00e9finitivement transf\u00e9r\u00e9 \u00e0 Conakry.<\/p>\n                    <p>D\u00e8s 2017, l\u2019INADER a \u00e9largi ses activit\u00e9s \u00e0 d\u2019autres zones g\u00e9ographiques et renforcer la dimension de d\u00e9veloppement durable au c\u0153ur de son action, en devenant en 2022,&nbsp;<strong>l\u2019Institut d\u2019Appui au D\u00e9veloppement Durable et au Renforcement des Capacit\u00e9s<\/strong>,\n                      et en \u00e9tablissant son si\u00e8ge international en France.<\/p>\n                    <p>&nbsp;<\/p>\n                    <p><strong>L\u2019\u00e9cologie au c\u0153ur de notre action<\/strong><\/p>\n                    <p><strong>&nbsp;<\/strong><\/p>\n                    <p>Notre organisation appui les populations pour limiter les activit\u00e9s anthropiques n\u00e9fastes et contribue \u00e0 pr\u00e9server les \u00e9cosyst\u00e8mes naturels comme les zones humides, les for\u00eats, les prairies et les r\u00e9cifs coralliens, garants d&rsquo;une biodiversit\u00e9\n                      n\u00e9cessaire \u00e0 la vie sur terre.<\/p>\n                    <p>En s&rsquo;appuyant sur les objectifs du d\u00e9veloppement durable et sur les r\u00e9ponses et mesures possibles des rapports du GIEC, l&rsquo;INADER propose des projets de protection, de restauration des \u00e9cosyst\u00e8mes naturels menac\u00e9s, et la gestion des\n                      ressources naturelles en \u00e9troite coop\u00e9ration avec les communaut\u00e9s locales.&nbsp;<\/p>\n                    <p>Inader co-construit avec les acteurs locaux, des solutions pour concilier protection de l\u2019environnement, d\u00e9veloppement durable et l\u2019am\u00e9lioration de leurs conditions de vie.<\/p>\n                    <p>&nbsp;<\/p>\n                    <p><strong>Une vocation intacte<\/strong><\/p>\n                    <p>\n                      <br>\n                    <\/p>\n                    <p>L&rsquo;essence de l&rsquo;INADER r\u00e9side dans son engagement \u00e0 autonomiser les populations de sa zone d&rsquo;action en renfor\u00e7ant leurs capacit\u00e9s techniques, financi\u00e8res et organisationnelles. Notre vision est claire : Favoriser l\u2019organisation des\n                      populations pour qu&rsquo;elles deviennent des interlocutrices autonomes, capables d\u2019am\u00e9liorer leurs conditions de vie et de d\u00e9velopper leurs environnements.<\/p>\n                    <p><strong>&nbsp;<\/strong><\/p>\n                    <p><strong>Une vision assum\u00e9e<\/strong><\/p>\n                    <p>\n                      <br>\n                    <\/p>\n                    <p>Elle repose sur la r\u00e9alit\u00e9 des populations qui \u00e9voluent socialement, \u00e9conomiquement et d\u00e9mographiquement et impactent leur environnement. L\u2019INADER s&rsquo;inscrit dans l\u2019analyse de ces changements, se concentrant sur les populations vivant\n                      dans des conditions pr\u00e9caires, avec l&rsquo;objectif de r\u00e9duire les in\u00e9galit\u00e9s tout en pr\u00e9servant les \u00e9cosyst\u00e8mes pour les g\u00e9n\u00e9rations futures.<\/p>\n                    <p><strong style=\"color: rgb(0, 32, 96);\">&nbsp;<\/strong><\/p>\n                    <p><strong>Des Valeurs Fortes<\/strong>\n                      <br>\n                      <br>\n                    <\/p>\n                    <p>Cinq valeurs fondamentales guident nos actions :<\/p>\n                    <p>Autonomie : Nous croyons en la capacit\u00e9 des populations \u00e0 initier et mener leurs projets.<\/p>\n                    <p>Coop\u00e9ration : Nous travaillons en collaboration avec divers acteurs pour atteindre des r\u00e9sultats durables.<\/p>\n                    <p>Responsabilit\u00e9 : Nous \u0153uvrons dans le respect de la dignit\u00e9 humaine, de la non-discrimination et de la durabilit\u00e9 des ressources.<\/p>\n                    <p>Equit\u00e9 : Nos interventions visent toutes les populations cibles, sans distinction.<\/p>\n                    <p>Innovation : L&rsquo;INADER s&rsquo;engage dans une recherche constante d&rsquo;am\u00e9lioration et d&rsquo;innovation.<\/p>\n                    <p>Ces valeurs d\u00e9finissent notre identit\u00e9 et donnent du sens \u00e0 notre action au quotidien.<\/p>\n                    <p>\n                      <br>\n                    <\/p>\n                  <\/div>\n                <\/div>\n              <\/div>\n            <\/div>\n          <\/div>\n        <\/div>\n      <\/div>\n      <div data-colibri-id=\"588-c17\" class=\"h-row-container gutters-row-lg-2 gutters-row-md-2 gutters-row-2 gutters-row-v-lg-2 gutters-row-v-md-2 gutters-row-v-2 style-1762 style-local-588-c17 position-relative\">\n        <!---->\n        <div class=\"h-row justify-content-lg-center justify-content-md-center justify-content-center align-items-lg-stretch align-items-md-stretch align-items-stretch gutters-col-lg-2 gutters-col-md-2 gutters-col-2 gutters-col-v-lg-2 gutters-col-v-md-2 gutters-col-v-2\">\n          <!---->\n          <div class=\"h-column h-column-container d-flex h-col-lg-6 h-col-md-6 h-col-12 style-1763-outer style-local-588-c18-outer\">\n            <div data-colibri-id=\"588-c18\" class=\"d-flex h-flex-basis h-column__inner h-px-lg-0 h-px-md-0 h-px-2 v-inner-lg-0 v-inner-md-0 v-inner-2 style-1763 style-local-588-c18 position-relative\">\n              <!---->\n              <!---->\n              <div class=\"w-100 h-y-container h-column__content h-column__v-align flex-basis-100 align-self-lg-start align-self-md-start align-self-start\">\n                <!---->\n                <div data-colibri-id=\"588-c19\" class=\"h-row-container gutters-row-lg-1 gutters-row-md-1 gutters-row-0 gutters-row-v-lg-1 gutters-row-v-md-1 gutters-row-v-2 style-1764 style-local-588-c19 position-relative\">\n                  <!---->\n                  <div class=\"h-row justify-content-lg-center justify-content-md-center justify-content-center align-items-lg-stretch align-items-md-stretch align-items-stretch gutters-col-lg-1 gutters-col-md-1 gutters-col-0 gutters-col-v-lg-1 gutters-col-v-md-1 gutters-col-v-2\">\n                    <!---->\n                    <div class=\"h-column h-column-container d-flex h-col-lg-auto h-col-md-auto h-col-auto style-1765-outer style-local-588-c20-outer\">\n                      <div data-colibri-id=\"588-c20\" class=\"d-flex h-flex-basis h-column__inner h-ui-empty-state-container h-px-lg-1 h-px-md-1 h-px-1 v-inner-lg-1 v-inner-md-1 v-inner-1 style-1765 style-local-588-c20 position-relative\">\n                        <!---->\n                        <!---->\n                        <div class=\"w-100 h-y-container h-column__content h-column__v-align flex-basis-auto\">\n                          <!---->\n                        <\/div>\n                      <\/div>\n                    <\/div>\n                    <div class=\"h-column h-column-container d-flex h-col-lg-auto h-col-md-auto h-col-auto style-1767-outer style-local-588-c21-outer\">\n                      <div data-colibri-id=\"588-c21\" class=\"d-flex h-flex-basis h-column__inner h-px-lg-1 h-px-md-1 h-px-1 v-inner-lg-1 v-inner-md-1 v-inner-1 style-1767 style-local-588-c21 position-relative\">\n                        <!---->\n                        <!---->\n                        <div class=\"w-100 h-y-container h-column__content h-column__v-align flex-basis-100 align-self-lg-start align-self-md-start align-self-start\">\n                          <!---->\n                          <div data-colibri-id=\"588-c22\" class=\"h-global-transition-all h-heading style-1768 style-local-588-c22 position-relative h-element\">\n                            <!---->\n                            <div class=\"h-heading__outer style-1768 style-local-588-c22\">\n                              <!---->\n                              <!---->\n                              <h5 class=\"\"><\/h5>\n                            <\/div>\n                          <\/div>\n                          <div data-colibri-id=\"588-c23\" class=\"h-text h-text-component style-1769 style-local-588-c23 position-relative h-element\">\n                            <!---->\n                            <!---->\n                            <div class=\"\"><\/div>\n                          <\/div>\n                        <\/div>\n                      <\/div>\n                    <\/div>\n                  <\/div>\n                <\/div>\n              <\/div>\n            <\/div>\n          <\/div>\n        <\/div>\n      <\/div>\n    <\/div>\n  <\/div>\n<\/div>","protected":false},"excerpt":{"rendered":"<p>0 Ann\u00e9e de pr\u00e9sence sur le terrain 0 Projets ex\u00e9cut\u00e9s en appui des populations 0 Personnes accompagn\u00e9es 0 Bailleurs financiers et partenaires \u00e0 nos cot\u00e9s Un ancrage solide L\u2019Institut pour l\u2019Appui au D\u00e9veloppement durable et au Renforcement de capacit\u00e9s (INADER) est une ONG de formation, d\u2019appui conseil et de mise en \u0153uvre de projets de [&hellip;]<\/p>\n","protected":false},"author":1,"featured_media":0,"parent":0,"menu_order":0,"comment_status":"closed","ping_status":"closed","template":"page-templates\/full-width-page.php","meta":{"footnotes":""},"_links":{"self":[{"href":"https:\/\/www.inader.org\/index.php?rest_route=\/wp\/v2\/pages\/588"}],"collection":[{"href":"https:\/\/www.inader.org\/index.php?rest_route=\/wp\/v2\/pages"}],"about":[{"href":"https:\/\/www.inader.org\/index.php?rest_route=\/wp\/v2\/types\/page"}],"author":[{"embeddable":true,"href":"https:\/\/www.inader.org\/index.php?rest_route=\/wp\/v2\/users\/1"}],"replies":[{"embeddable":true,"href":"https:\/\/www.inader.org\/index.php?rest_route=%2Fwp%2Fv2%2Fcomments&post=588"}],"version-history":[{"count":20,"href":"https:\/\/www.inader.org\/index.php?rest_route=\/wp\/v2\/pages\/588\/revisions"}],"predecessor-version":[{"id":4937,"href":"https:\/\/www.inader.org\/index.php?rest_route=\/wp\/v2\/pages\/588\/revisions\/4937"}],"wp:attachment":[{"href":"https:\/\/www.inader.org\/index.php?rest_route=%2Fwp%2Fv2%2Fmedia&parent=588"}],"curies":[{"name":"wp","href":"https:\/\/api.w.org\/{rel}","templated":true}]}}